{"id":9,"date":"2026-03-27T18:58:17","date_gmt":"2026-03-27T21:58:17","guid":{"rendered":"https:\/\/circuitocrc.com.br\/?page_id=9"},"modified":"2026-04-01T15:16:45","modified_gmt":"2026-04-01T18:16:45","slug":"inicio","status":"publish","type":"page","link":"https:\/\/circuitocrc.com.br\/","title":{"rendered":"Inicio"},"content":{"rendered":"\t\t<div data-elementor-type=\"wp-page\" data-elementor-id=\"9\" class=\"elementor elementor-9\" data-elementor-post-type=\"page\">\n\t\t\t\t<div class=\"elementor-element elementor-element-2c2e867 e-flex e-con-boxed e-con e-parent\" data-id=\"2c2e867\" data-element_type=\"container\" data-e-type=\"container\" id=\"wk-container\" data-settings=\"{&quot;background_background&quot;:&quot;classic&quot;}\">\n\t\t\t\t\t<div class=\"e-con-inner\">\n\t\t<div class=\"elementor-element elementor-element-4d7b4f0 e-con-full e-flex e-con e-child\" data-id=\"4d7b4f0\" data-element_type=\"container\" data-e-type=\"container\">\n\t\t\t\t<div class=\"elementor-element elementor-element-0c38cc0 elementor-widget elementor-widget-image\" data-id=\"0c38cc0\" data-element_type=\"widget\" data-e-type=\"widget\" data-widget_type=\"image.default\">\n\t\t\t\t\t\t\t\t\t\t\t\t\t\t\t<img fetchpriority=\"high\" decoding=\"async\" width=\"800\" height=\"335\" src=\"https:\/\/circuitocrc.com.br\/wp-content\/uploads\/2026\/03\/LogoCRC-Text-Black-1024x429.png\" class=\"attachment-large size-large wp-image-31\" alt=\"\" srcset=\"https:\/\/circuitocrc.com.br\/wp-content\/uploads\/2026\/03\/LogoCRC-Text-Black-1024x429.png 1024w, https:\/\/circuitocrc.com.br\/wp-content\/uploads\/2026\/03\/LogoCRC-Text-Black-300x126.png 300w, https:\/\/circuitocrc.com.br\/wp-content\/uploads\/2026\/03\/LogoCRC-Text-Black-768x322.png 768w, https:\/\/circuitocrc.com.br\/wp-content\/uploads\/2026\/03\/LogoCRC-Text-Black-1536x644.png 1536w, https:\/\/circuitocrc.com.br\/wp-content\/uploads\/2026\/03\/LogoCRC-Text-Black-2048x859.png 2048w\" sizes=\"(max-width: 800px) 100vw, 800px\" \/>\t\t\t\t\t\t\t\t\t\t\t\t\t\t\t<\/div>\n\t\t\t\t<\/div>\n\t\t<div class=\"elementor-element elementor-element-7e9b363 e-con-full e-flex e-con e-child\" data-id=\"7e9b363\" data-element_type=\"container\" data-e-type=\"container\">\n\t\t<div class=\"elementor-element elementor-element-5eb4c81 e-con-full e-flex e-con e-child\" data-id=\"5eb4c81\" data-element_type=\"container\" data-e-type=\"container\" data-settings=\"{&quot;background_background&quot;:&quot;classic&quot;}\">\n\t\t\t\t<div class=\"elementor-element elementor-element-4b33c18 elementor-widget elementor-widget-heading\" data-id=\"4b33c18\" data-element_type=\"widget\" data-e-type=\"widget\" data-widget_type=\"heading.default\">\n\t\t\t\t\t<h2 class=\"elementor-heading-title elementor-size-default\">Foz do Igua\u00e7u<\/h2>\t\t\t\t<\/div>\n\t\t\t\t<div class=\"elementor-element elementor-element-08767e8 elementor-widget elementor-widget-heading\" data-id=\"08767e8\" data-element_type=\"widget\" data-e-type=\"widget\" data-widget_type=\"heading.default\">\n\t\t\t\t\t<h2 class=\"elementor-heading-title elementor-size-default\">24\/05\/2026<\/h2>\t\t\t\t<\/div>\n\t\t\t\t<div class=\"elementor-element elementor-element-eecd618 elementor-widget elementor-widget-image\" data-id=\"eecd618\" data-element_type=\"widget\" data-e-type=\"widget\" data-widget_type=\"image.default\">\n\t\t\t\t\t\t\t\t\t\t\t\t\t\t\t<img decoding=\"async\" width=\"502\" height=\"306\" src=\"https:\/\/circuitocrc.com.br\/wp-content\/uploads\/2026\/03\/foz-do-iguacu-1.jpg\" class=\"attachment-large size-large wp-image-56\" alt=\"\" srcset=\"https:\/\/circuitocrc.com.br\/wp-content\/uploads\/2026\/03\/foz-do-iguacu-1.jpg 502w, https:\/\/circuitocrc.com.br\/wp-content\/uploads\/2026\/03\/foz-do-iguacu-1-300x183.jpg 300w\" sizes=\"(max-width: 502px) 100vw, 502px\" \/>\t\t\t\t\t\t\t\t\t\t\t\t\t\t\t<\/div>\n\t\t\t\t<div class=\"elementor-element elementor-element-eb73b17 elementor-align-center wk-btn elementor-widget elementor-widget-button\" data-id=\"eb73b17\" data-element_type=\"widget\" data-e-type=\"widget\" data-widget_type=\"button.default\">\n\t\t\t\t\t\t\t\t\t\t<a class=\"elementor-button elementor-button-link elementor-size-sm\" href=\"https:\/\/site.ticketsports.com.br\/Inscricao\/Categoria.aspx?__idEvento=86388&#038;lang=pt-BR\" target=\"_blank\">\n\t\t\t\t\t\t<span class=\"elementor-button-content-wrapper\">\n\t\t\t\t\t\t\t\t\t<span class=\"elementor-button-text\">Inscreva-se<\/span>\n\t\t\t\t\t<\/span>\n\t\t\t\t\t<\/a>\n\t\t\t\t\t\t\t\t<\/div>\n\t\t\t\t<\/div>\n\t\t<div class=\"elementor-element elementor-element-34f5a73 e-con-full e-flex e-con e-child\" data-id=\"34f5a73\" data-element_type=\"container\" data-e-type=\"container\" data-settings=\"{&quot;background_background&quot;:&quot;classic&quot;}\">\n\t\t\t\t<div class=\"elementor-element elementor-element-aa17d2f elementor-widget elementor-widget-heading\" data-id=\"aa17d2f\" data-element_type=\"widget\" data-e-type=\"widget\" data-widget_type=\"heading.default\">\n\t\t\t\t\t<h2 class=\"elementor-heading-title elementor-size-default\">Guarapuava<\/h2>\t\t\t\t<\/div>\n\t\t\t\t<div class=\"elementor-element elementor-element-7fc7e2b elementor-widget elementor-widget-heading\" data-id=\"7fc7e2b\" data-element_type=\"widget\" data-e-type=\"widget\" data-widget_type=\"heading.default\">\n\t\t\t\t\t<h2 class=\"elementor-heading-title elementor-size-default\">21\/06\/2026<\/h2>\t\t\t\t<\/div>\n\t\t\t\t<div class=\"elementor-element elementor-element-2822b5c elementor-widget elementor-widget-image\" data-id=\"2822b5c\" data-element_type=\"widget\" data-e-type=\"widget\" data-widget_type=\"image.default\">\n\t\t\t\t\t\t\t\t\t\t\t\t\t\t\t<img decoding=\"async\" width=\"502\" height=\"306\" src=\"https:\/\/circuitocrc.com.br\/wp-content\/uploads\/2026\/03\/guarapuava.jpg\" class=\"attachment-large size-large wp-image-50\" alt=\"\" srcset=\"https:\/\/circuitocrc.com.br\/wp-content\/uploads\/2026\/03\/guarapuava.jpg 502w, https:\/\/circuitocrc.com.br\/wp-content\/uploads\/2026\/03\/guarapuava-300x183.jpg 300w\" sizes=\"(max-width: 502px) 100vw, 502px\" \/>\t\t\t\t\t\t\t\t\t\t\t\t\t\t\t<\/div>\n\t\t\t\t<div class=\"elementor-element elementor-element-942c7e3 elementor-align-center wk-btn elementor-widget elementor-widget-button\" data-id=\"942c7e3\" data-element_type=\"widget\" data-e-type=\"widget\" data-widget_type=\"button.default\">\n\t\t\t\t\t\t\t\t\t\t<a class=\"elementor-button elementor-size-sm\" role=\"button\">\n\t\t\t\t\t\t<span class=\"elementor-button-content-wrapper\">\n\t\t\t\t\t\t\t\t\t<span class=\"elementor-button-text\">Inscreva-se<\/span>\n\t\t\t\t\t<\/span>\n\t\t\t\t\t<\/a>\n\t\t\t\t\t\t\t\t<\/div>\n\t\t\t\t<\/div>\n\t\t<div class=\"elementor-element elementor-element-47fb212 e-con-full e-flex e-con e-child\" data-id=\"47fb212\" data-element_type=\"container\" data-e-type=\"container\" data-settings=\"{&quot;background_background&quot;:&quot;classic&quot;}\">\n\t\t\t\t<div class=\"elementor-element elementor-element-4e7c268 elementor-widget elementor-widget-heading\" data-id=\"4e7c268\" data-element_type=\"widget\" data-e-type=\"widget\" data-widget_type=\"heading.default\">\n\t\t\t\t\t<h2 class=\"elementor-heading-title elementor-size-default\">Ponta Grossa<\/h2>\t\t\t\t<\/div>\n\t\t\t\t<div class=\"elementor-element elementor-element-e27b53d elementor-widget elementor-widget-heading\" data-id=\"e27b53d\" data-element_type=\"widget\" data-e-type=\"widget\" data-widget_type=\"heading.default\">\n\t\t\t\t\t<h2 class=\"elementor-heading-title elementor-size-default\">28\/06\/2026<\/h2>\t\t\t\t<\/div>\n\t\t\t\t<div class=\"elementor-element elementor-element-a1e28ac elementor-widget elementor-widget-image\" data-id=\"a1e28ac\" data-element_type=\"widget\" data-e-type=\"widget\" data-widget_type=\"image.default\">\n\t\t\t\t\t\t\t\t\t\t\t\t\t\t\t<img loading=\"lazy\" decoding=\"async\" width=\"502\" height=\"306\" src=\"https:\/\/circuitocrc.com.br\/wp-content\/uploads\/2026\/03\/ponta-grossa-1.jpg\" class=\"attachment-large size-large wp-image-83\" alt=\"\" srcset=\"https:\/\/circuitocrc.com.br\/wp-content\/uploads\/2026\/03\/ponta-grossa-1.jpg 502w, https:\/\/circuitocrc.com.br\/wp-content\/uploads\/2026\/03\/ponta-grossa-1-300x183.jpg 300w\" sizes=\"(max-width: 502px) 100vw, 502px\" \/>\t\t\t\t\t\t\t\t\t\t\t\t\t\t\t<\/div>\n\t\t\t\t<div class=\"elementor-element elementor-element-9096f6a elementor-align-center wk-btn elementor-widget elementor-widget-button\" data-id=\"9096f6a\" data-element_type=\"widget\" data-e-type=\"widget\" data-widget_type=\"button.default\">\n\t\t\t\t\t\t\t\t\t\t<a class=\"elementor-button elementor-size-sm\" role=\"button\">\n\t\t\t\t\t\t<span class=\"elementor-button-content-wrapper\">\n\t\t\t\t\t\t\t\t\t<span class=\"elementor-button-text\">Inscreva-se<\/span>\n\t\t\t\t\t<\/span>\n\t\t\t\t\t<\/a>\n\t\t\t\t\t\t\t\t<\/div>\n\t\t\t\t<\/div>\n\t\t\t\t<\/div>\n\t\t<div class=\"elementor-element elementor-element-285ff37 e-con-full e-flex e-con e-child\" data-id=\"285ff37\" data-element_type=\"container\" data-e-type=\"container\">\n\t\t<div class=\"elementor-element elementor-element-4e41d00 e-con-full e-flex e-con e-child\" data-id=\"4e41d00\" data-element_type=\"container\" data-e-type=\"container\" data-settings=\"{&quot;background_background&quot;:&quot;classic&quot;}\">\n\t\t\t\t<div class=\"elementor-element elementor-element-0e18913 elementor-widget elementor-widget-heading\" data-id=\"0e18913\" data-element_type=\"widget\" data-e-type=\"widget\" data-widget_type=\"heading.default\">\n\t\t\t\t\t<h2 class=\"elementor-heading-title elementor-size-default\">SOLICITE AQUI SEU CERTIFICADO DE<\/h2>\t\t\t\t<\/div>\n\t\t\t\t<div class=\"elementor-element elementor-element-6e263c1 elementor-widget elementor-widget-heading\" data-id=\"6e263c1\" data-element_type=\"widget\" data-e-type=\"widget\" data-widget_type=\"heading.default\">\n\t\t\t\t\t<h2 class=\"elementor-heading-title elementor-size-default\"> \"EMBAIXADOR SUSTENT\u00c1VEL\"<\/h2>\t\t\t\t<\/div>\n\t\t\t\t<div class=\"elementor-element elementor-element-f3322a3 elementor-align-center wk-btn elementor-widget elementor-widget-button\" data-id=\"f3322a3\" data-element_type=\"widget\" data-e-type=\"widget\" data-widget_type=\"button.default\">\n\t\t\t\t\t\t\t\t\t\t<a class=\"elementor-button elementor-button-link elementor-size-sm\" href=\"#\">\n\t\t\t\t\t\t<span class=\"elementor-button-content-wrapper\">\n\t\t\t\t\t\t<span class=\"elementor-button-icon\">\n\t\t\t\t<svg aria-hidden=\"true\" class=\"e-font-icon-svg e-fas-leaf\" viewBox=\"0 0 576 512\" xmlns=\"http:\/\/www.w3.org\/2000\/svg\"><path d=\"M546.2 9.7c-5.6-12.5-21.6-13-28.3-1.2C486.9 62.4 431.4 96 368 96h-80C182 96 96 182 96 288c0 7 .8 13.7 1.5 20.5C161.3 262.8 253.4 224 384 224c8.8 0 16 7.2 16 16s-7.2 16-16 16C132.6 256 26 410.1 2.4 468c-6.6 16.3 1.2 34.9 17.5 41.6 16.4 6.8 35-1.1 41.8-17.3 1.5-3.6 20.9-47.9 71.9-90.6 32.4 43.9 94 85.8 174.9 77.2C465.5 467.5 576 326.7 576 154.3c0-50.2-10.8-102.2-29.8-144.6z\"><\/path><\/svg>\t\t\t<\/span>\n\t\t\t\t\t\t\t\t\t<span class=\"elementor-button-text\">Seja Embaixador Sustent\u00e1vel<\/span>\n\t\t\t\t\t<\/span>\n\t\t\t\t\t<\/a>\n\t\t\t\t\t\t\t\t<\/div>\n\t\t\t\t<\/div>\n\t\t\t\t<\/div>\n\t\t<div class=\"elementor-element elementor-element-a419239 e-con-full e-flex e-con e-child\" data-id=\"a419239\" data-element_type=\"container\" data-e-type=\"container\">\n\t\t<div class=\"elementor-element elementor-element-626ad65 e-con-full wk-hidden e-flex e-con e-child\" data-id=\"626ad65\" data-element_type=\"container\" data-e-type=\"container\" data-settings=\"{&quot;background_background&quot;:&quot;classic&quot;}\">\n\t\t\t\t<div class=\"elementor-element elementor-element-270f559 elementor-widget elementor-widget-heading\" data-id=\"270f559\" data-element_type=\"widget\" data-e-type=\"widget\" data-widget_type=\"heading.default\">\n\t\t\t\t\t<h2 class=\"elementor-heading-title elementor-size-default\">Patroc\u00ednio<\/h2>\t\t\t\t<\/div>\n\t\t<div class=\"elementor-element elementor-element-66187fe e-con-full e-flex e-con e-child\" data-id=\"66187fe\" data-element_type=\"container\" data-e-type=\"container\">\n\t\t\t\t<div class=\"elementor-element elementor-element-21e936b elementor-widget elementor-widget-image\" data-id=\"21e936b\" data-element_type=\"widget\" data-e-type=\"widget\" data-widget_type=\"image.default\">\n\t\t\t\t\t\t\t\t\t\t\t\t\t\t\t\t<a href=\"http:\/\/caixa.gov.br\/\" target=\"_blank\">\n\t\t\t\t\t\t\t<img loading=\"lazy\" decoding=\"async\" width=\"800\" height=\"253\" src=\"https:\/\/circuitocrc.com.br\/wp-content\/uploads\/2026\/03\/logo-caixa.png\" class=\"attachment-large size-large wp-image-103\" alt=\"\" srcset=\"https:\/\/circuitocrc.com.br\/wp-content\/uploads\/2026\/03\/logo-caixa.png 827w, https:\/\/circuitocrc.com.br\/wp-content\/uploads\/2026\/03\/logo-caixa-300x95.png 300w, https:\/\/circuitocrc.com.br\/wp-content\/uploads\/2026\/03\/logo-caixa-768x243.png 768w\" sizes=\"(max-width: 800px) 100vw, 800px\" \/>\t\t\t\t\t\t\t\t<\/a>\n\t\t\t\t\t\t\t\t\t\t\t\t\t\t\t<\/div>\n\t\t\t\t<div class=\"elementor-element elementor-element-cd889a4 elementor-widget elementor-widget-image\" data-id=\"cd889a4\" data-element_type=\"widget\" data-e-type=\"widget\" data-widget_type=\"image.default\">\n\t\t\t\t\t\t\t\t\t\t\t\t\t\t\t\t<a href=\"https:\/\/www.gov.br\/pt-br\" target=\"_blank\">\n\t\t\t\t\t\t\t<img loading=\"lazy\" decoding=\"async\" width=\"800\" height=\"348\" src=\"https:\/\/circuitocrc.com.br\/wp-content\/uploads\/2026\/03\/logo-governo-br.png\" class=\"attachment-large size-large wp-image-102\" alt=\"\" srcset=\"https:\/\/circuitocrc.com.br\/wp-content\/uploads\/2026\/03\/logo-governo-br.png 854w, https:\/\/circuitocrc.com.br\/wp-content\/uploads\/2026\/03\/logo-governo-br-300x130.png 300w, https:\/\/circuitocrc.com.br\/wp-content\/uploads\/2026\/03\/logo-governo-br-768x334.png 768w\" sizes=\"(max-width: 800px) 100vw, 800px\" \/>\t\t\t\t\t\t\t\t<\/a>\n\t\t\t\t\t\t\t\t\t\t\t\t\t\t\t<\/div>\n\t\t\t\t<\/div>\n\t\t\t\t<\/div>\n\t\t<div class=\"elementor-element elementor-element-2394db3 e-con-full wk-hidden e-flex e-con e-child\" data-id=\"2394db3\" data-element_type=\"container\" data-e-type=\"container\" data-settings=\"{&quot;background_background&quot;:&quot;classic&quot;}\">\n\t\t\t\t<div class=\"elementor-element elementor-element-f9a658f elementor-widget elementor-widget-heading\" data-id=\"f9a658f\" data-element_type=\"widget\" data-e-type=\"widget\" data-widget_type=\"heading.default\">\n\t\t\t\t\t<h2 class=\"elementor-heading-title elementor-size-default\">Apoio<\/h2>\t\t\t\t<\/div>\n\t\t<div class=\"elementor-element elementor-element-df10a22 e-con-full e-flex e-con e-child\" data-id=\"df10a22\" data-element_type=\"container\" data-e-type=\"container\">\n\t\t\t\t<div class=\"elementor-element elementor-element-319059d elementor-widget elementor-widget-image\" data-id=\"319059d\" data-element_type=\"widget\" data-e-type=\"widget\" data-widget_type=\"image.default\">\n\t\t\t\t\t\t\t\t\t\t\t\t\t\t\t\t<a href=\"https:\/\/cellshop.com\/\" target=\"_blank\">\n\t\t\t\t\t\t\t<img loading=\"lazy\" decoding=\"async\" width=\"800\" height=\"284\" src=\"https:\/\/circuitocrc.com.br\/wp-content\/uploads\/2026\/03\/logo-cellshop.png\" class=\"attachment-large size-large wp-image-117\" alt=\"\" srcset=\"https:\/\/circuitocrc.com.br\/wp-content\/uploads\/2026\/03\/logo-cellshop.png 801w, https:\/\/circuitocrc.com.br\/wp-content\/uploads\/2026\/03\/logo-cellshop-300x106.png 300w, https:\/\/circuitocrc.com.br\/wp-content\/uploads\/2026\/03\/logo-cellshop-768x272.png 768w\" sizes=\"(max-width: 800px) 100vw, 800px\" \/>\t\t\t\t\t\t\t\t<\/a>\n\t\t\t\t\t\t\t\t\t\t\t\t\t\t\t<\/div>\n\t\t\t\t<div class=\"elementor-element elementor-element-cc70ecf elementor-widget elementor-widget-image\" data-id=\"cc70ecf\" data-element_type=\"widget\" data-e-type=\"widget\" data-widget_type=\"image.default\">\n\t\t\t\t\t\t\t\t\t\t\t\t\t\t\t\t<a href=\"https:\/\/xbri.com.br\/\" target=\"_blank\">\n\t\t\t\t\t\t\t<img loading=\"lazy\" decoding=\"async\" width=\"800\" height=\"116\" src=\"https:\/\/circuitocrc.com.br\/wp-content\/uploads\/2026\/03\/logo-xbri-1024x149.png\" class=\"attachment-large size-large wp-image-107\" alt=\"\" srcset=\"https:\/\/circuitocrc.com.br\/wp-content\/uploads\/2026\/03\/logo-xbri-1024x149.png 1024w, https:\/\/circuitocrc.com.br\/wp-content\/uploads\/2026\/03\/logo-xbri-300x44.png 300w, https:\/\/circuitocrc.com.br\/wp-content\/uploads\/2026\/03\/logo-xbri-768x111.png 768w, https:\/\/circuitocrc.com.br\/wp-content\/uploads\/2026\/03\/logo-xbri-1536x223.png 1536w, https:\/\/circuitocrc.com.br\/wp-content\/uploads\/2026\/03\/logo-xbri.png 1923w\" sizes=\"(max-width: 800px) 100vw, 800px\" \/>\t\t\t\t\t\t\t\t<\/a>\n\t\t\t\t\t\t\t\t\t\t\t\t\t\t\t<\/div>\n\t\t\t\t<\/div>\n\t\t\t\t<\/div>\n\t\t\t\t<\/div>\n\t\t\t\t\t<\/div>\n\t\t\t\t<\/div>\n\t\t\t\t<\/div>\n\t\t","protected":false},"excerpt":{"rendered":"<p>Foz do Igua\u00e7u 24\/05\/2026 Inscreva-se Guarapuava 21\/06\/2026 Inscreva-se Ponta Grossa 28\/06\/2026 Inscreva-se SOLICITE AQUI SEU CERTIFICADO DE &#8220;EMBAIXADOR SUSTENT\u00c1VEL&#8221; Seja Embaixador Sustent\u00e1vel Patroc\u00ednio Apoio<\/p>\n","protected":false},"author":1,"featured_media":0,"parent":0,"menu_order":0,"comment_status":"closed","ping_status":"closed","template":"","meta":{"footnotes":""},"class_list":["post-9","page","type-page","status-publish","hentry"],"_links":{"self":[{"href":"https:\/\/circuitocrc.com.br\/index.php\/wp-json\/wp\/v2\/pages\/9","targetHints":{"allow":["GET"]}}],"collection":[{"href":"https:\/\/circuitocrc.com.br\/index.php\/wp-json\/wp\/v2\/pages"}],"about":[{"href":"https:\/\/circuitocrc.com.br\/index.php\/wp-json\/wp\/v2\/types\/page"}],"author":[{"embeddable":true,"href":"https:\/\/circuitocrc.com.br\/index.php\/wp-json\/wp\/v2\/users\/1"}],"replies":[{"embeddable":true,"href":"https:\/\/circuitocrc.com.br\/index.php\/wp-json\/wp\/v2\/comments?post=9"}],"version-history":[{"count":91,"href":"https:\/\/circuitocrc.com.br\/index.php\/wp-json\/wp\/v2\/pages\/9\/revisions"}],"predecessor-version":[{"id":138,"href":"https:\/\/circuitocrc.com.br\/index.php\/wp-json\/wp\/v2\/pages\/9\/revisions\/138"}],"wp:attachment":[{"href":"https:\/\/circuitocrc.com.br\/index.php\/wp-json\/wp\/v2\/media?parent=9"}],"curies":[{"name":"wp","href":"https:\/\/api.w.org\/{rel}","templated":true}]}}